{"id":19847,"date":"2020-10-31T14:19:09","date_gmt":"2020-10-31T14:19:09","guid":{"rendered":"https:\/\/lemontnoir.ch\/lequipe\/"},"modified":"2020-10-31T14:22:57","modified_gmt":"2020-10-31T14:22:57","slug":"lequipe","status":"publish","type":"page","link":"https:\/\/lemontnoir.ch\/fr\/lequipe\/","title":{"rendered":"L&rsquo;\u00e9quipe"},"content":{"rendered":"\t\t<div data-elementor-type=\"wp-page\" data-elementor-id=\"19847\" class=\"elementor elementor-19847 elementor-13822\">\n\t\t\t\t\t\t<section class=\"elementor-section elementor-top-section elementor-element elementor-element-a076aed elementor-section-boxed elementor-section-height-default elementor-section-height-default parallax_section_no qode_elementor_container_no\" data-id=\"a076aed\" data-element_type=\"section\">\n\t\t\t\t\t\t<div class=\"elementor-container elementor-column-gap-default\">\n\t\t\t\t\t<div class=\"elementor-column elementor-col-50 elementor-top-column elementor-element elementor-element-7f4acda\" data-id=\"7f4acda\" data-element_type=\"column\">\n\t\t\t<div class=\"elementor-widget-wrap elementor-element-populated\">\n\t\t\t\t\t\t<div class=\"elementor-element elementor-element-90ee064 elementor-widget elementor-widget-bridge_team\" data-id=\"90ee064\" data-element_type=\"widget\" data-widget_type=\"bridge_team.default\">\n\t\t\t\t<div class=\"elementor-widget-container\">\n\t\t\t\t\t<div class='q_team info_description_below_image'><div class='q_team_inner'><div class='q_team_image'><div class='q_team_image_holder'><img decoding=\"async\" itemprop=\"image\" src=\"https:\/\/lemontnoir.ch\/wp-content\/uploads\/2020\/06\/anton.jpg\" alt=\"anton\" \/><\/div><div class='q_team_text' ><div class='q_team_text_inner'><div class='q_team_title_holder'><h3 class=\"q_team_name\" >Anton Vorobev<\/h3><span >Visual Artist<\/span><\/div><div class='separator small center' ><\/div><\/div><\/div><div class='q_team_social_holder'><\/div><\/div><\/div><\/div>\t\t\t\t<\/div>\n\t\t\t\t<\/div>\n\t\t\t\t\t<\/div>\n\t\t<\/div>\n\t\t\t\t<div class=\"elementor-column elementor-col-50 elementor-top-column elementor-element elementor-element-0eceb93\" data-id=\"0eceb93\" data-element_type=\"column\">\n\t\t\t<div class=\"elementor-widget-wrap elementor-element-populated\">\n\t\t\t\t\t\t<div class=\"elementor-element elementor-element-d38625f elementor-widget elementor-widget-text-editor\" data-id=\"d38625f\" data-element_type=\"widget\" data-widget_type=\"text-editor.default\">\n\t\t\t\t<div class=\"elementor-widget-container\">\n\t\t\t\t\t\t\t\t\t<p>Anton est un designer professionnel et un artiste de mod\u00e9lisation 3D d&rsquo;int\u00e9rieurs, d&rsquo;ext\u00e9rieurs, de meubles et de d\u00e9corations. Il a \u00e9tudi\u00e9 la traduction, mais c&rsquo;est un artiste visuel dans l&rsquo;\u00e2me.<\/p>\n<p>&nbsp;<\/p>\n<p>Comme le reste de l&rsquo;\u00e9quipe, il est passionn\u00e9 par la conception de labyrinthe, m\u00eame s&rsquo;il trouve parfois cela difficile. Il se nourrit de projets ax\u00e9s sur les d\u00e9tails et trouve la joie de voir le r\u00e9sultat d&rsquo;un design soigneusement con\u00e7u.<\/p>\n\t\t\t\t\t\t\t\t<\/div>\n\t\t\t\t<\/div>\n\t\t\t\t\t<\/div>\n\t\t<\/div>\n\t\t\t\t\t<\/div>\n\t\t<\/section>\n\t\t\t\t<section class=\"elementor-section elementor-top-section elementor-element elementor-element-3e2145f elementor-hidden-phone elementor-section-boxed elementor-section-height-default elementor-section-height-default parallax_section_no qode_elementor_container_no\" data-id=\"3e2145f\" data-element_type=\"section\">\n\t\t\t\t\t\t<div class=\"elementor-container elementor-column-gap-default\">\n\t\t\t\t\t<div class=\"elementor-column elementor-col-50 elementor-top-column elementor-element elementor-element-e6563b1\" data-id=\"e6563b1\" data-element_type=\"column\">\n\t\t\t<div class=\"elementor-widget-wrap elementor-element-populated\">\n\t\t\t\t\t\t<div class=\"elementor-element elementor-element-76eda39 elementor-widget elementor-widget-text-editor\" data-id=\"76eda39\" data-element_type=\"widget\" data-widget_type=\"text-editor.default\">\n\t\t\t\t<div class=\"elementor-widget-container\">\n\t\t\t\t\t\t\t\t\t<p>Attila a une passion pour beaucoup de choses. D\u00e8s l&rsquo;enfance, il r\u00eavait en grand, voulant cr\u00e9er quelque chose d&rsquo;unique, quelque chose qui d\u00e9passe toutes les conventions. Il lui a fallu de nombreuses ann\u00e9es pour comprendre que tout prend du temps &#8211; et pour r\u00e9aliser quelque chose de substantiel, il faut \u00eatre pleinement engag\u00e9, investir toute son \u00e9nergie et donner tout son c\u0153ur.<\/p>\n<p>&nbsp;<\/p>\n<p>Il est le propri\u00e9taire d&rsquo;un jeu d&rsquo;\u00e9vasion et il enferme joyeusement ses clients dans ses chambres tordues. Il conceptualise et fabrique lui-m\u00eame la plupart des \u00e9nigmes. Il r\u00eave de cr\u00e9er sa propre marque de mobilier depuis 2017. Pragmatique et rationnel, son parcours avec LeMontnoir a \u00e9t\u00e9 une exp\u00e9rience presque religieuse. Un film pr\u00e9f\u00e9r\u00e9, des amiti\u00e9s ou des lieux o\u00f9 il a v\u00e9cu: tout l&rsquo;a conduit \u00e0 la cr\u00e9ation de cette marque. Il n&rsquo;a pas de formation particuli\u00e8re ni de formation sp\u00e9cialis\u00e9e, mais se consacre enti\u00e8rement \u00e0 la cr\u00e9ation et au d\u00e9veloppement de ces meubles uniques qui sont devenus son objectif \u00e0 vie.<\/p>\n\t\t\t\t\t\t\t\t<\/div>\n\t\t\t\t<\/div>\n\t\t\t\t\t<\/div>\n\t\t<\/div>\n\t\t\t\t<div class=\"elementor-column elementor-col-50 elementor-top-column elementor-element elementor-element-fb1632b\" data-id=\"fb1632b\" data-element_type=\"column\">\n\t\t\t<div class=\"elementor-widget-wrap elementor-element-populated\">\n\t\t\t\t\t\t<div class=\"elementor-element elementor-element-3148091 elementor-widget elementor-widget-bridge_team\" data-id=\"3148091\" data-element_type=\"widget\" data-widget_type=\"bridge_team.default\">\n\t\t\t\t<div class=\"elementor-widget-container\">\n\t\t\t\t\t<div class='q_team info_description_below_image'><div class='q_team_inner'><div class='q_team_image'><div class='q_team_image_holder'><img decoding=\"async\" itemprop=\"image\" src=\"https:\/\/lemontnoir.ch\/wp-content\/uploads\/2020\/06\/attila.jpg\" alt=\"attila\" \/><\/div><div class='q_team_text' ><div class='q_team_text_inner'><div class='q_team_title_holder'><h3 class=\"q_team_name\" >Attila Horvath<\/h3><span >Director, Design lead<\/span><\/div><div class='separator small center' ><\/div><\/div><\/div><div class='q_team_social_holder'><\/div><\/div><\/div><\/div>\t\t\t\t<\/div>\n\t\t\t\t<\/div>\n\t\t\t\t\t<\/div>\n\t\t<\/div>\n\t\t\t\t\t<\/div>\n\t\t<\/section>\n\t\t\t\t<section class=\"elementor-section elementor-top-section elementor-element elementor-element-033a1c5 elementor-hidden-desktop elementor-hidden-tablet elementor-section-boxed elementor-section-height-default elementor-section-height-default parallax_section_no qode_elementor_container_no\" data-id=\"033a1c5\" data-element_type=\"section\">\n\t\t\t\t\t\t<div class=\"elementor-container elementor-column-gap-default\">\n\t\t\t\t\t<div class=\"elementor-column elementor-col-50 elementor-top-column elementor-element elementor-element-00a4278\" data-id=\"00a4278\" data-element_type=\"column\">\n\t\t\t<div class=\"elementor-widget-wrap elementor-element-populated\">\n\t\t\t\t\t\t<div class=\"elementor-element elementor-element-4dab4c9 elementor-widget elementor-widget-bridge_team\" data-id=\"4dab4c9\" data-element_type=\"widget\" data-widget_type=\"bridge_team.default\">\n\t\t\t\t<div class=\"elementor-widget-container\">\n\t\t\t\t\t<div class='q_team info_description_below_image'><div class='q_team_inner'><div class='q_team_image'><div class='q_team_image_holder'><img decoding=\"async\" itemprop=\"image\" src=\"https:\/\/lemontnoir.ch\/wp-content\/uploads\/2020\/06\/attila.jpg\" alt=\"attila\" \/><\/div><div class='q_team_text' ><div class='q_team_text_inner'><div class='q_team_title_holder'><h3 class=\"q_team_name\" >Attila Horvath<\/h3><span >Director, Design lead<\/span><\/div><div class='separator small center' ><\/div><\/div><\/div><div class='q_team_social_holder'><\/div><\/div><\/div><\/div>\t\t\t\t<\/div>\n\t\t\t\t<\/div>\n\t\t\t\t\t<\/div>\n\t\t<\/div>\n\t\t\t\t<div class=\"elementor-column elementor-col-50 elementor-top-column elementor-element elementor-element-a995820\" data-id=\"a995820\" data-element_type=\"column\">\n\t\t\t<div class=\"elementor-widget-wrap elementor-element-populated\">\n\t\t\t\t\t\t<div class=\"elementor-element elementor-element-af6ff55 elementor-widget elementor-widget-text-editor\" data-id=\"af6ff55\" data-element_type=\"widget\" data-widget_type=\"text-editor.default\">\n\t\t\t\t<div class=\"elementor-widget-container\">\n\t\t\t\t\t\t\t\t\t<p>Attila a une passion pour beaucoup de choses. D\u00e8s l&rsquo;enfance, il r\u00eavait en grand, voulant cr\u00e9er quelque chose d&rsquo;unique, quelque chose qui d\u00e9passe toutes les conventions. Il lui a fallu de nombreuses ann\u00e9es pour comprendre que tout prend du temps &#8211; et pour r\u00e9aliser quelque chose de substantiel, il faut \u00eatre pleinement engag\u00e9, investir toute son \u00e9nergie et donner tout son c\u0153ur.<\/p>\n<p>&nbsp;<\/p>\n<p>Il est le propri\u00e9taire d&rsquo;un jeu d&rsquo;\u00e9vasion et il enferme joyeusement ses clients dans ses chambres tordues. Il conceptualise et fabrique lui-m\u00eame la plupart des \u00e9nigmes. Il r\u00eave de cr\u00e9er sa propre marque de mobilier depuis 2017. Pragmatique et rationnel, son parcours avec LeMontnoir a \u00e9t\u00e9 une exp\u00e9rience presque religieuse. Un film pr\u00e9f\u00e9r\u00e9, des amiti\u00e9s ou des lieux o\u00f9 il a v\u00e9cu: tout l&rsquo;a conduit \u00e0 la cr\u00e9ation de cette marque. Il n&rsquo;a pas de formation particuli\u00e8re ni de formation sp\u00e9cialis\u00e9e, mais se consacre enti\u00e8rement \u00e0 la cr\u00e9ation et au d\u00e9veloppement de ces meubles uniques qui sont devenus son objectif \u00e0 vie.<\/p>\n\t\t\t\t\t\t\t\t<\/div>\n\t\t\t\t<\/div>\n\t\t\t\t\t<\/div>\n\t\t<\/div>\n\t\t\t\t\t<\/div>\n\t\t<\/section>\n\t\t\t\t<section class=\"elementor-section elementor-top-section elementor-element elementor-element-9c322a6 elementor-section-boxed elementor-section-height-default elementor-section-height-default parallax_section_no qode_elementor_container_no\" data-id=\"9c322a6\" data-element_type=\"section\">\n\t\t\t\t\t\t<div class=\"elementor-container elementor-column-gap-default\">\n\t\t\t\t\t<div class=\"elementor-column elementor-col-50 elementor-top-column elementor-element elementor-element-83ed9af\" data-id=\"83ed9af\" data-element_type=\"column\">\n\t\t\t<div class=\"elementor-widget-wrap elementor-element-populated\">\n\t\t\t\t\t\t<div class=\"elementor-element elementor-element-1618469 elementor-widget elementor-widget-bridge_team\" data-id=\"1618469\" data-element_type=\"widget\" data-widget_type=\"bridge_team.default\">\n\t\t\t\t<div class=\"elementor-widget-container\">\n\t\t\t\t\t<div class='q_team info_description_below_image'><div class='q_team_inner'><div class='q_team_image'><div class='q_team_image_holder'><img decoding=\"async\" itemprop=\"image\" src=\"https:\/\/lemontnoir.ch\/wp-content\/uploads\/2020\/06\/nikola.jpg\" alt=\"nikola\" \/><\/div><div class='q_team_text' ><div class='q_team_text_inner'><div class='q_team_title_holder'><h3 class=\"q_team_name\" >Nikola Popovi\u0107<\/h3><span >Engineer, Industrial Designer<\/span><\/div><div class='separator small center' ><\/div><\/div><\/div><div class='q_team_social_holder'><\/div><\/div><\/div><\/div>\t\t\t\t<\/div>\n\t\t\t\t<\/div>\n\t\t\t\t\t<\/div>\n\t\t<\/div>\n\t\t\t\t<div class=\"elementor-column elementor-col-50 elementor-top-column elementor-element elementor-element-8d9aedc\" data-id=\"8d9aedc\" data-element_type=\"column\">\n\t\t\t<div class=\"elementor-widget-wrap elementor-element-populated\">\n\t\t\t\t\t\t<div class=\"elementor-element elementor-element-0dcd2cd elementor-widget elementor-widget-text-editor\" data-id=\"0dcd2cd\" data-element_type=\"widget\" data-widget_type=\"text-editor.default\">\n\t\t\t\t<div class=\"elementor-widget-container\">\n\t\t\t\t\t\t\t\t\t<p>Depuis son enfance, Nikola avait un esprit novateur, gardant toujours un \u00e9quilibre sain entre malice et moralit\u00e9. Connu comme le solutionneur de probl\u00e8mes de la famille, il a d\u00e9velopp\u00e9 sa passion pour le design et la cr\u00e9ation \u00e0 travers le lyc\u00e9e d&rsquo;architecture, la Facult\u00e9 de foresterie et une carri\u00e8re de designer industriel.<\/p>\n<p>&nbsp;<\/p>\n<p>Il est fascin\u00e9 par le nouveau et l&rsquo;insolite. Il aime autant le style minimaliste que les structures complexes, mais pense que tout doit \u00eatre \u00e9quilibr\u00e9. Il s&rsquo;inspire de tout ce qui l&rsquo;entoure, faisant de son imagination une piscine sans limites. Et quand la r\u00e9alit\u00e9 ne suffit pas, il invente l&rsquo;inimaginable.<\/p>\n<p>&nbsp;<\/p>\n<p>Nikola a rejoint l&rsquo;entreprise avec un enthousiasme infini en 2020. Son int\u00e9gration dans l&rsquo;\u00e9quipe \u00e9tait parfaite. Il est totalement d\u00e9vou\u00e9 et a h\u00e2te de repousser les limites de nos capacit\u00e9s pour cr\u00e9er des meubles encore plus extraordinaires.<\/p>\n\t\t\t\t\t\t\t\t<\/div>\n\t\t\t\t<\/div>\n\t\t\t\t\t<\/div>\n\t\t<\/div>\n\t\t\t\t\t<\/div>\n\t\t<\/section>\n\t\t\t\t<section class=\"elementor-section elementor-top-section elementor-element elementor-element-7770800 elementor-hidden-phone elementor-section-boxed elementor-section-height-default elementor-section-height-default parallax_section_no qode_elementor_container_no\" data-id=\"7770800\" data-element_type=\"section\">\n\t\t\t\t\t\t<div class=\"elementor-container elementor-column-gap-default\">\n\t\t\t\t\t<div class=\"elementor-column elementor-col-50 elementor-top-column elementor-element elementor-element-8764bb3\" data-id=\"8764bb3\" data-element_type=\"column\">\n\t\t\t<div class=\"elementor-widget-wrap elementor-element-populated\">\n\t\t\t\t\t\t<div class=\"elementor-element elementor-element-f85e6a1 elementor-widget elementor-widget-text-editor\" data-id=\"f85e6a1\" data-element_type=\"widget\" data-widget_type=\"text-editor.default\">\n\t\t\t\t<div class=\"elementor-widget-container\">\n\t\t\t\t\t\t\t\t\t<p>Xavier est un amoureux des belles m\u00e9caniques horlog\u00e8res, de leur histoire et de leur logique complexe.<\/p>\n<p>&nbsp;<\/p>\n<p>Il s&rsquo;amuse \u00e0 toucher autant au papier mach\u00e9 qu&rsquo;\u00e0 l&rsquo;impression 3d, s&rsquo;inspirant de tout pour cr\u00e9er n&rsquo;importe quoi.<\/p>\n<p>&nbsp;<\/p>\n<p>Designer num\u00e9rique travaillant dans l&rsquo;industrie horlog\u00e8re, il s&rsquo;attelle \u00e0 transformer le virtuel en r\u00e9el.<\/p>\n<p>&nbsp;<\/p>\n<p>Les meubles \u00e0 secrets ont encore tout \u00e0 cacher pour lui, ce qui rend cette recherche d&rsquo;esth\u00e9tique de dissimulation passionnante et particuli\u00e8rement satisfaisante.<\/p>\n\t\t\t\t\t\t\t\t<\/div>\n\t\t\t\t<\/div>\n\t\t\t\t\t<\/div>\n\t\t<\/div>\n\t\t\t\t<div class=\"elementor-column elementor-col-50 elementor-top-column elementor-element elementor-element-87ce5ff\" data-id=\"87ce5ff\" data-element_type=\"column\">\n\t\t\t<div class=\"elementor-widget-wrap elementor-element-populated\">\n\t\t\t\t\t\t<div class=\"elementor-element elementor-element-79dc6af elementor-widget elementor-widget-bridge_team\" data-id=\"79dc6af\" data-element_type=\"widget\" data-widget_type=\"bridge_team.default\">\n\t\t\t\t<div class=\"elementor-widget-container\">\n\t\t\t\t\t<div class='q_team info_description_below_image'><div class='q_team_inner'><div class='q_team_image'><div class='q_team_image_holder'><img decoding=\"async\" itemprop=\"image\" src=\"https:\/\/lemontnoir.ch\/wp-content\/uploads\/2020\/06\/xavier.jpg\" alt=\"xavier\" \/><\/div><div class='q_team_text' ><div class='q_team_text_inner'><div class='q_team_title_holder'><h3 class=\"q_team_name\" >Xavier Biemont<\/h3><span >Creative Manager<\/span><\/div><div class='separator small center' ><\/div><\/div><\/div><div class='q_team_social_holder'><\/div><\/div><\/div><\/div>\t\t\t\t<\/div>\n\t\t\t\t<\/div>\n\t\t\t\t\t<\/div>\n\t\t<\/div>\n\t\t\t\t\t<\/div>\n\t\t<\/section>\n\t\t\t\t<section class=\"elementor-section elementor-top-section elementor-element elementor-element-99e10c5 elementor-hidden-desktop elementor-hidden-tablet elementor-section-boxed elementor-section-height-default elementor-section-height-default parallax_section_no qode_elementor_container_no\" data-id=\"99e10c5\" data-element_type=\"section\">\n\t\t\t\t\t\t<div class=\"elementor-container elementor-column-gap-default\">\n\t\t\t\t\t<div class=\"elementor-column elementor-col-50 elementor-top-column elementor-element elementor-element-a0402ff\" data-id=\"a0402ff\" data-element_type=\"column\">\n\t\t\t<div class=\"elementor-widget-wrap elementor-element-populated\">\n\t\t\t\t\t\t<div class=\"elementor-element elementor-element-e412851 elementor-widget elementor-widget-bridge_team\" data-id=\"e412851\" data-element_type=\"widget\" data-widget_type=\"bridge_team.default\">\n\t\t\t\t<div class=\"elementor-widget-container\">\n\t\t\t\t\t<div class=\"q_team\" ><div class=\"q_team_inner\"><div class=\"q_team_image\"><img decoding=\"async\" itemprop=\"image\" src=\"https:\/\/lemontnoir.ch\/wp-content\/uploads\/2020\/06\/xavier.jpg\" alt=\"xavier\" \/><\/div><div class='q_team_text' ><div class=\"q_team_text_inner\"><div class=\"q_team_title_holder\"><h3 class=\"q_team_name\" >Xavier Biemont<\/h3><span >Creative Manager<\/span><\/div><div class='separator small center' ><\/div><\/div><div class='q_team_social_holder'><\/div><\/div><\/div><\/div>\t\t\t\t<\/div>\n\t\t\t\t<\/div>\n\t\t\t\t<div class=\"elementor-element elementor-element-cd182d8 elementor-widget elementor-widget-text-editor\" data-id=\"cd182d8\" data-element_type=\"widget\" data-widget_type=\"text-editor.default\">\n\t\t\t\t<div class=\"elementor-widget-container\">\n\t\t\t\t\t\t\t\t\t<p>Xavier est un amoureux des belles m\u00e9caniques horlog\u00e8res, de leur histoire et de leur logique complexe.<\/p>\n<p>&nbsp;<\/p>\n<p>Il s&rsquo;amuse \u00e0 toucher autant au papier mach\u00e9 qu&rsquo;\u00e0 l&rsquo;impression 3d, s&rsquo;inspirant de tout pour cr\u00e9er n&rsquo;importe quoi.<\/p>\n<p>&nbsp;<\/p>\n<p>Designer num\u00e9rique travaillant dans l&rsquo;industrie horlog\u00e8re, il s&rsquo;attelle \u00e0 transformer le virtuel en r\u00e9el.<\/p>\n<p>&nbsp;<\/p>\n<p>Les meubles \u00e0 secrets ont encore tout \u00e0 cacher pour lui, ce qui rend cette recherche d&rsquo;esth\u00e9tique de dissimulation passionnante et particuli\u00e8rement satisfaisante.<\/p>\n\t\t\t\t\t\t\t\t<\/div>\n\t\t\t\t<\/div>\n\t\t\t\t\t<\/div>\n\t\t<\/div>\n\t\t\t\t<div class=\"elementor-column elementor-col-50 elementor-top-column elementor-element elementor-element-90800df\" data-id=\"90800df\" data-element_type=\"column\">\n\t\t\t<div class=\"elementor-widget-wrap\">\n\t\t\t\t\t\t\t<\/div>\n\t\t<\/div>\n\t\t\t\t\t<\/div>\n\t\t<\/section>\n\t\t\t\t<section class=\"elementor-section elementor-top-section elementor-element elementor-element-4b45a19 elementor-section-boxed elementor-section-height-default elementor-section-height-default parallax_section_no qode_elementor_container_no\" data-id=\"4b45a19\" data-element_type=\"section\">\n\t\t\t\t\t\t<div class=\"elementor-container elementor-column-gap-default\">\n\t\t\t\t\t<div class=\"elementor-column elementor-col-100 elementor-top-column elementor-element elementor-element-d09b71b\" data-id=\"d09b71b\" data-element_type=\"column\">\n\t\t\t<div class=\"elementor-widget-wrap elementor-element-populated\">\n\t\t\t\t\t\t<div class=\"elementor-element elementor-element-e0c036f elementor-widget elementor-widget-wb-before-after-image-slider-elementor\" data-id=\"e0c036f\" data-element_type=\"widget\" data-widget_type=\"wb-before-after-image-slider-elementor.default\">\n\t\t\t\t<div class=\"elementor-widget-container\">\n\t\t\t\t\t\t\t<div class=\"wb_ebais_twentytwenty_container twentytwenty-container\" id=\"wb_before_after_e0c036f\">\r\n\t\t\t<span class='before_text'>Avant<\/span>\r\n\t\t\t<span class='after_text'>Apr\u00e8s<\/span>\r\n<img fetchpriority=\"high\" decoding=\"async\" width=\"1700\" height=\"1000\" src=\"https:\/\/lemontnoir.ch\/wp-content\/uploads\/2020\/08\/Render1-min-1.jpg\" class=\"attachment-full size-full wp-image-19654\" alt=\"\" srcset=\"https:\/\/lemontnoir.ch\/wp-content\/uploads\/2020\/08\/Render1-min-1.jpg 1700w, https:\/\/lemontnoir.ch\/wp-content\/uploads\/2020\/08\/Render1-min-1-300x176.jpg 300w, https:\/\/lemontnoir.ch\/wp-content\/uploads\/2020\/08\/Render1-min-1-768x452.jpg 768w, https:\/\/lemontnoir.ch\/wp-content\/uploads\/2020\/08\/Render1-min-1-1536x904.jpg 1536w, https:\/\/lemontnoir.ch\/wp-content\/uploads\/2020\/08\/Render1-min-1-700x412.jpg 700w\" sizes=\"(max-width: 1700px) 100vw, 1700px\" \/><img decoding=\"async\" width=\"1700\" height=\"1000\" src=\"https:\/\/lemontnoir.ch\/wp-content\/uploads\/2020\/08\/Render1_night-min-1.jpg\" class=\"attachment-full size-full wp-image-19652\" alt=\"\" srcset=\"https:\/\/lemontnoir.ch\/wp-content\/uploads\/2020\/08\/Render1_night-min-1.jpg 1700w, https:\/\/lemontnoir.ch\/wp-content\/uploads\/2020\/08\/Render1_night-min-1-300x176.jpg 300w, https:\/\/lemontnoir.ch\/wp-content\/uploads\/2020\/08\/Render1_night-min-1-768x452.jpg 768w, https:\/\/lemontnoir.ch\/wp-content\/uploads\/2020\/08\/Render1_night-min-1-1536x904.jpg 1536w, https:\/\/lemontnoir.ch\/wp-content\/uploads\/2020\/08\/Render1_night-min-1-700x412.jpg 700w\" sizes=\"(max-width: 1700px) 100vw, 1700px\" \/>\t\t<\/div>\r\n\t\t<style>\r\n\t\t\t#wb_before_after_e0c036f{\r\n\t\t\t\tmax-width: auto;\r\n\t\t\t}\r\n\t\t<\/style>\r\n\t\t\t\t<\/div>\n\t\t\t\t<\/div>\n\t\t\t\t\t<\/div>\n\t\t<\/div>\n\t\t\t\t\t<\/div>\n\t\t<\/section>\n\t\t\t\t<\/div>\n\t\t","protected":false},"excerpt":{"rendered":"<p>Anton Vorobev Visual Artist Anton est un designer professionnel et un artiste de mod\u00e9lisation 3D d&rsquo;int\u00e9rieurs, d&rsquo;ext\u00e9rieurs, de meubles et de d\u00e9corations. Il a \u00e9tudi\u00e9 la traduction, mais c&rsquo;est un artiste visuel dans l&rsquo;\u00e2me. &nbsp; Comme le reste de l&rsquo;\u00e9quipe, il est passionn\u00e9 par la&#8230;<\/p>\n","protected":false},"author":2,"featured_media":0,"parent":0,"menu_order":0,"comment_status":"closed","ping_status":"closed","template":"full_width.php","meta":{"footnotes":""},"class_list":["post-19847","page","type-page","status-publish","hentry"],"_links":{"self":[{"href":"https:\/\/lemontnoir.ch\/fr\/wp-json\/wp\/v2\/pages\/19847","targetHints":{"allow":["GET"]}}],"collection":[{"href":"https:\/\/lemontnoir.ch\/fr\/wp-json\/wp\/v2\/pages"}],"about":[{"href":"https:\/\/lemontnoir.ch\/fr\/wp-json\/wp\/v2\/types\/page"}],"author":[{"embeddable":true,"href":"https:\/\/lemontnoir.ch\/fr\/wp-json\/wp\/v2\/users\/2"}],"replies":[{"embeddable":true,"href":"https:\/\/lemontnoir.ch\/fr\/wp-json\/wp\/v2\/comments?post=19847"}],"version-history":[{"count":5,"href":"https:\/\/lemontnoir.ch\/fr\/wp-json\/wp\/v2\/pages\/19847\/revisions"}],"predecessor-version":[{"id":19852,"href":"https:\/\/lemontnoir.ch\/fr\/wp-json\/wp\/v2\/pages\/19847\/revisions\/19852"}],"wp:attachment":[{"href":"https:\/\/lemontnoir.ch\/fr\/wp-json\/wp\/v2\/media?parent=19847"}],"curies":[{"name":"wp","href":"https:\/\/api.w.org\/{rel}","templated":true}]}}