{"id":19837,"date":"2020-10-29T18:45:33","date_gmt":"2020-10-29T18:45:33","guid":{"rendered":"https:\/\/lemontnoir.ch\/histoire\/"},"modified":"2020-10-29T18:45:34","modified_gmt":"2020-10-29T18:45:34","slug":"histoire","status":"publish","type":"page","link":"https:\/\/lemontnoir.ch\/fr\/histoire\/","title":{"rendered":"Histoire"},"content":{"rendered":"\t\t<div data-elementor-type=\"wp-page\" data-elementor-id=\"19837\" class=\"elementor elementor-19837 elementor-14093\">\n\t\t\t\t\t\t<section class=\"elementor-section elementor-top-section elementor-element elementor-element-76dff947 elementor-section-boxed elementor-section-height-default elementor-section-height-default parallax_section_no qode_elementor_container_no\" data-id=\"76dff947\" data-element_type=\"section\" data-settings=\"{&quot;background_background&quot;:&quot;classic&quot;}\">\n\t\t\t\t\t\t<div class=\"elementor-container elementor-column-gap-default\">\n\t\t\t\t\t<div class=\"elementor-column elementor-col-100 elementor-top-column elementor-element elementor-element-22caae55\" data-id=\"22caae55\" data-element_type=\"column\">\n\t\t\t<div class=\"elementor-widget-wrap elementor-element-populated\">\n\t\t\t\t\t\t<section class=\"elementor-section elementor-inner-section elementor-element elementor-element-30b2ec0 qode_elementor_container_inner elementor-section-boxed elementor-section-height-default elementor-section-height-default parallax_section_no\" data-id=\"30b2ec0\" data-element_type=\"section\">\n\t\t\t\t\t\t<div class=\"elementor-container elementor-column-gap-default\">\n\t\t\t\t\t<div class=\"elementor-column elementor-col-100 elementor-inner-column elementor-element elementor-element-4a54935\" data-id=\"4a54935\" data-element_type=\"column\">\n\t\t\t<div class=\"elementor-widget-wrap elementor-element-populated\">\n\t\t\t\t\t\t<div class=\"elementor-element elementor-element-52a1266 elementor-widget elementor-widget-text-editor\" data-id=\"52a1266\" data-element_type=\"widget\" data-widget_type=\"text-editor.default\">\n\t\t\t\t<div class=\"elementor-widget-container\">\n\t\t\t\t\t\t\t\t\t<h4 style=\"margin-bottom: 0cm; text-align: center;\"><span lang=\"EN-US\" style=\"font-size: 14.5pt; line-height: 107%; font-family: Arial, sans-serif;\">Un g\u00e9rant d&rsquo;escape game et un designer horloger joignant leurs forces pour la cr\u00e9ation de meubles \u00e0 secrets au design unique, alliant haute qualit\u00e9, praticit\u00e9 et style. Nous venons de pays diff\u00e9rents, d&rsquo;environnements diff\u00e9rents, nous avons des comp\u00e9tences diff\u00e9rentes, mais nous partageons une passion commune et avons mis nos meilleures qualit\u00e9s en commun pour cr\u00e9er quelque chose d&rsquo;extraordinaire.<\/span><\/h4>\n\t\t\t\t\t\t\t\t<\/div>\n\t\t\t\t<\/div>\n\t\t\t\t\t<\/div>\n\t\t<\/div>\n\t\t\t\t\t<\/div>\n\t\t<\/section>\n\t\t\t\t\t<\/div>\n\t\t<\/div>\n\t\t\t\t\t<\/div>\n\t\t<\/section>\n\t\t\t\t<section class=\"elementor-section elementor-top-section elementor-element elementor-element-6c81d28 elementor-section-boxed elementor-section-height-default elementor-section-height-default parallax_section_no qode_elementor_container_no\" data-id=\"6c81d28\" data-element_type=\"section\" data-settings=\"{&quot;background_background&quot;:&quot;classic&quot;}\">\n\t\t\t\t\t\t<div class=\"elementor-container elementor-column-gap-default\">\n\t\t\t\t\t<div class=\"elementor-column elementor-col-100 elementor-top-column elementor-element elementor-element-1e54fcd\" data-id=\"1e54fcd\" data-element_type=\"column\">\n\t\t\t<div class=\"elementor-widget-wrap elementor-element-populated\">\n\t\t\t\t\t\t<section class=\"elementor-section elementor-inner-section elementor-element elementor-element-803be1e qode_elementor_container_inner elementor-section-boxed elementor-section-height-default elementor-section-height-default parallax_section_no\" data-id=\"803be1e\" data-element_type=\"section\">\n\t\t\t\t\t\t<div class=\"elementor-container elementor-column-gap-default\">\n\t\t\t\t\t<div class=\"elementor-column elementor-col-33 elementor-inner-column elementor-element elementor-element-5a9c438\" data-id=\"5a9c438\" data-element_type=\"column\">\n\t\t\t<div class=\"elementor-widget-wrap elementor-element-populated\">\n\t\t\t\t\t\t<div class=\"elementor-element elementor-element-e5b2aa7 elementor-invisible elementor-widget elementor-widget-image\" data-id=\"e5b2aa7\" data-element_type=\"widget\" data-settings=\"{&quot;_animation&quot;:&quot;fadeInLeft&quot;,&quot;_animation_delay&quot;:0.3}\" data-widget_type=\"image.default\">\n\t\t\t\t<div class=\"elementor-widget-container\">\n\t\t\t\t\t\t\t\t\t\t\t\t\t\t\t<img decoding=\"async\" src=\"https:\/\/lemontnoir.ch\/wp-content\/uploads\/elementor\/thumbs\/Sketches_work_01-oui0dfxsa5h979mzpb1b3sf1fy679b04itvpes8kxs.jpg\" title=\"Sketches_work_01\" alt=\"Sketches_work_01\" loading=\"lazy\" \/>\t\t\t\t\t\t\t\t\t\t\t\t\t\t\t<\/div>\n\t\t\t\t<\/div>\n\t\t\t\t\t<\/div>\n\t\t<\/div>\n\t\t\t\t<div class=\"elementor-column elementor-col-66 elementor-inner-column elementor-element elementor-element-74b8819\" data-id=\"74b8819\" data-element_type=\"column\">\n\t\t\t<div class=\"elementor-widget-wrap elementor-element-populated\">\n\t\t\t\t\t\t<div class=\"elementor-element elementor-element-1d6c4bb elementor-widget elementor-widget-text-editor\" data-id=\"1d6c4bb\" data-element_type=\"widget\" data-widget_type=\"text-editor.default\">\n\t\t\t\t<div class=\"elementor-widget-container\">\n\t\t\t\t\t\t\t\t\t<p>En tant que concepteur d&rsquo;escape game, Attila sait o\u00f9 cacher les choses, il sait o\u00f9 les gens regardent et o\u00f9 ils ne regardent pas, et \u00e0 quel il est int\u00e9ressant de cr\u00e9er des m\u00e9canismes de verrouillage.<br \/>En tant que designer horloger, Xavier s&rsquo;occupe du design 3D et \u00e0 de fortes connaissances dans le savoir-faire de pr\u00e9cision, les produits de luxe ainsi que dans la cr\u00e9ation de de m\u00e9canismes mobiles.<br \/>Nous prenons le temps de cr\u00e9er ce qui nous appara\u00eet comme unique, esth\u00e9tique, pratique, le tout en y incorporant des cachettes secr\u00e8tes pour y dissimuler vos biens les plus pr\u00e9cieux.<\/p>\n\t\t\t\t\t\t\t\t<\/div>\n\t\t\t\t<\/div>\n\t\t\t\t\t<\/div>\n\t\t<\/div>\n\t\t\t\t\t<\/div>\n\t\t<\/section>\n\t\t\t\t\t<\/div>\n\t\t<\/div>\n\t\t\t\t\t<\/div>\n\t\t<\/section>\n\t\t\t\t<section class=\"elementor-section elementor-top-section elementor-element elementor-element-77e072c qode_elementor_container_inner elementor-section-boxed elementor-section-height-default elementor-section-height-default parallax_section_no\" data-id=\"77e072c\" data-element_type=\"section\" data-settings=\"{&quot;background_background&quot;:&quot;classic&quot;}\">\n\t\t\t\t\t\t<div class=\"elementor-container elementor-column-gap-default\">\n\t\t\t\t\t<div class=\"elementor-column elementor-col-66 elementor-top-column elementor-element elementor-element-3cd9a86\" data-id=\"3cd9a86\" data-element_type=\"column\">\n\t\t\t<div class=\"elementor-widget-wrap elementor-element-populated\">\n\t\t\t\t\t\t<div class=\"elementor-element elementor-element-3a24204 elementor-widget elementor-widget-text-editor\" data-id=\"3a24204\" data-element_type=\"widget\" data-widget_type=\"text-editor.default\">\n\t\t\t\t<div class=\"elementor-widget-container\">\n\t\t\t\t\t\t\t\t\t<p>Nos id\u00e9es naissent en Suisse et sont manufactur\u00e9es en Union Europ\u00e9enne par des charpentiers sp\u00e9cialis\u00e9s, dont la connaissance approfondie du travail du bois permet la fabrication de nos id\u00e9es les plus folles.<br \/>Nous croyons \u00e0 une \u00e9volution constante de nos meubles, repoussant nos limites, testant de nouvelles id\u00e9es et continuant l&rsquo;extension de notre \u00e9quipe pour continuer dans l&rsquo;extraordinaire.<br \/>Nous sommes curieux, passionn\u00e9s et d\u00e9vou\u00e9s \u00e0 notre marque, Le Montnoir.<\/p>\n\t\t\t\t\t\t\t\t<\/div>\n\t\t\t\t<\/div>\n\t\t\t\t\t<\/div>\n\t\t<\/div>\n\t\t\t\t<div class=\"elementor-column elementor-col-33 elementor-top-column elementor-element elementor-element-7e0ba09\" data-id=\"7e0ba09\" data-element_type=\"column\">\n\t\t\t<div class=\"elementor-widget-wrap elementor-element-populated\">\n\t\t\t\t\t\t<div class=\"elementor-element elementor-element-4d8a678 elementor-invisible elementor-widget elementor-widget-image\" data-id=\"4d8a678\" data-element_type=\"widget\" data-settings=\"{&quot;_animation&quot;:&quot;fadeInRight&quot;,&quot;_animation_delay&quot;:0.3}\" data-widget_type=\"image.default\">\n\t\t\t\t<div class=\"elementor-widget-container\">\n\t\t\t\t\t\t\t\t\t\t\t\t\t\t\t<img decoding=\"async\" src=\"https:\/\/lemontnoir.ch\/wp-content\/uploads\/elementor\/thumbs\/Sketches_work_03-oui0eo477d5qcxutjc4ruz9pd24gb2vicwjiysf2tc.jpg\" title=\"Sketches_work_03\" alt=\"Sketches_work_03\" loading=\"lazy\" \/>\t\t\t\t\t\t\t\t\t\t\t\t\t\t\t<\/div>\n\t\t\t\t<\/div>\n\t\t\t\t\t<\/div>\n\t\t<\/div>\n\t\t\t\t\t<\/div>\n\t\t<\/section>\n\t\t\t\t<section class=\"elementor-section elementor-top-section elementor-element elementor-element-293d4e3 elementor-section-boxed elementor-section-height-default elementor-section-height-default parallax_section_no qode_elementor_container_no\" data-id=\"293d4e3\" data-element_type=\"section\">\n\t\t\t\t\t\t<div class=\"elementor-container elementor-column-gap-default\">\n\t\t\t\t\t<div class=\"elementor-column elementor-col-100 elementor-top-column elementor-element elementor-element-b36273d\" data-id=\"b36273d\" data-element_type=\"column\">\n\t\t\t<div class=\"elementor-widget-wrap elementor-element-populated\">\n\t\t\t\t\t\t<div class=\"elementor-element elementor-element-eb2ce2e elementor-widget elementor-widget-image\" data-id=\"eb2ce2e\" data-element_type=\"widget\" data-widget_type=\"image.default\">\n\t\t\t\t<div class=\"elementor-widget-container\">\n\t\t\t\t\t\t\t\t\t\t\t\t\t\t\t<img fetchpriority=\"high\" decoding=\"async\" width=\"1060\" height=\"779\" src=\"https:\/\/lemontnoir.ch\/wp-content\/uploads\/2020\/08\/Render2-min-1.jpg\" class=\"attachment-large size-large wp-image-19657\" alt=\"\" srcset=\"https:\/\/lemontnoir.ch\/wp-content\/uploads\/2020\/08\/Render2-min-1.jpg 1700w, https:\/\/lemontnoir.ch\/wp-content\/uploads\/2020\/08\/Render2-min-1-300x221.jpg 300w, https:\/\/lemontnoir.ch\/wp-content\/uploads\/2020\/08\/Render2-min-1-768x565.jpg 768w, https:\/\/lemontnoir.ch\/wp-content\/uploads\/2020\/08\/Render2-min-1-1536x1129.jpg 1536w, https:\/\/lemontnoir.ch\/wp-content\/uploads\/2020\/08\/Render2-min-1-700x515.jpg 700w\" sizes=\"(max-width: 1060px) 100vw, 1060px\" \/>\t\t\t\t\t\t\t\t\t\t\t\t\t\t\t<\/div>\n\t\t\t\t<\/div>\n\t\t\t\t\t<\/div>\n\t\t<\/div>\n\t\t\t\t\t<\/div>\n\t\t<\/section>\n\t\t\t\t<\/div>\n\t\t","protected":false},"excerpt":{"rendered":"<p>Un g\u00e9rant d&rsquo;escape game et un designer horloger joignant leurs forces pour la cr\u00e9ation de meubles \u00e0 secrets au design unique, alliant haute qualit\u00e9, praticit\u00e9 et style. Nous venons de pays diff\u00e9rents, d&rsquo;environnements diff\u00e9rents, nous avons des comp\u00e9tences diff\u00e9rentes, mais nous partageons une passion commune&#8230;<\/p>\n","protected":false},"author":2,"featured_media":0,"parent":0,"menu_order":0,"comment_status":"closed","ping_status":"closed","template":"full_width.php","meta":{"footnotes":""},"class_list":["post-19837","page","type-page","status-publish","hentry"],"_links":{"self":[{"href":"https:\/\/lemontnoir.ch\/fr\/wp-json\/wp\/v2\/pages\/19837","targetHints":{"allow":["GET"]}}],"collection":[{"href":"https:\/\/lemontnoir.ch\/fr\/wp-json\/wp\/v2\/pages"}],"about":[{"href":"https:\/\/lemontnoir.ch\/fr\/wp-json\/wp\/v2\/types\/page"}],"author":[{"embeddable":true,"href":"https:\/\/lemontnoir.ch\/fr\/wp-json\/wp\/v2\/users\/2"}],"replies":[{"embeddable":true,"href":"https:\/\/lemontnoir.ch\/fr\/wp-json\/wp\/v2\/comments?post=19837"}],"version-history":[{"count":1,"href":"https:\/\/lemontnoir.ch\/fr\/wp-json\/wp\/v2\/pages\/19837\/revisions"}],"predecessor-version":[{"id":19838,"href":"https:\/\/lemontnoir.ch\/fr\/wp-json\/wp\/v2\/pages\/19837\/revisions\/19838"}],"wp:attachment":[{"href":"https:\/\/lemontnoir.ch\/fr\/wp-json\/wp\/v2\/media?parent=19837"}],"curies":[{"name":"wp","href":"https:\/\/api.w.org\/{rel}","templated":true}]}}